{"id":3141,"date":"2018-06-21T15:20:03","date_gmt":"2018-06-21T15:20:03","guid":{"rendered":"https:\/\/myhometheme.net\/default\/?page_id=3141"},"modified":"2022-01-28T19:46:01","modified_gmt":"2022-01-28T22:46:01","slug":"about-me","status":"publish","type":"page","link":"https:\/\/www.etprop.com.ar\/?page_id=3141","title":{"rendered":"Administraci\u00f3n de Alquileres"},"content":{"rendered":"<p>[vc_row css=&#8221;.vc_custom_1532197290482{padding-top: 35px !important;}&#8221;][vc_column width=&#8221;1\/2&#8243; css=&#8221;.vc_custom_1512407858131{padding-top: 12px !important;padding-bottom: 24px !important;}&#8221;][vc_column_text]La Administraci\u00f3n de alquileres es un servicio que brindamos a nuestros clientes, para que ellos s\u00f3lo se dispongan de recibir su renta sobre sus bienes inmuebles alquilados.<\/p>\n<p>La gesti\u00f3n consiste en cobrar los alquileres, pagar o controlar el pago de las obligaciones del inquilino (ya sean impuestos, servicios, expensas, etc.), estar en contacto con las respectivas administraciones de consorcios para solucionar y gestionar alg\u00fan inconveniente que surja, en resumen, ser el nexo entre el inquilino y el propietarios controlando el cumplimiento del contrato de locaci\u00f3n.<\/p>\n<p>Nos dedicamos a la administraci\u00f3n de alquileres de departamentos, casa, oficinas, locales comerciales y establecimientos industriales.[\/vc_column_text][vc_column_text]<strong>Email:<\/strong> <a href=\"mailto:info@etprop.com.ar\">\u00a0info@etprop.com.ar<\/a><br \/>\n<strong>Tel\u00e9fono:<\/strong> <a href=\"tel:47017118WhatsApp+5491161087118\">4701-7118 &#8211; WhatsApp +54 9 11-6108-7118<\/a><br \/>\n<strong>Direcci\u00f3n:<\/strong> Amen\u00e1bar 3314 1\u00ba A (1429) Capital Federal[\/vc_column_text][\/vc_column][vc_column width=&#8221;1\/2&#8243;]<div class=\"mh-heading-wrapper--left \">\r\n\t\r\n        <div class=\"mh-heading-wrapper\">\r\n            <h2            class=\"mh-heading  mh-heading--bottom-separator mh-font-size-l  \"\r\n            style=\"font-weight:700;\">\r\n\t\t\tCont\u00e1ctenos        <\/h2>\r\n\r\n\t\t    <\/div>\r\n\r\n\t<\/div>\n<div class=\"wpcf7 no-js\" id=\"wpcf7-f1676-o1\" lang=\"en-US\" dir=\"ltr\" data-wpcf7-id=\"1676\">\n<div class=\"screen-reader-response\"><p role=\"status\" aria-live=\"polite\" aria-atomic=\"true\"><\/p> <ul><\/ul><\/div>\n<form action=\"\/index.php?rest_route=%2Fwp%2Fv2%2Fpages%2F3141#wpcf7-f1676-o1\" method=\"post\" class=\"wpcf7-form init\" aria-label=\"Contact form\" novalidate=\"novalidate\" data-status=\"init\">\n<fieldset class=\"hidden-fields-container\"><input type=\"hidden\" name=\"_wpcf7\" value=\"1676\" \/><input type=\"hidden\" name=\"_wpcf7_version\" value=\"6.1.5\" \/><input type=\"hidden\" name=\"_wpcf7_locale\" value=\"en_US\" \/><input type=\"hidden\" name=\"_wpcf7_unit_tag\" value=\"wpcf7-f1676-o1\" \/><input type=\"hidden\" name=\"_wpcf7_container_post\" value=\"0\" \/><input type=\"hidden\" name=\"_wpcf7_posted_data_hash\" value=\"\" \/>\n<\/fieldset>\n<p><label><span class=\"wpcf7-form-control-wrap\" data-name=\"your-name\"><input size=\"40\" maxlength=\"400\" class=\"wpcf7-form-control wpcf7-text wpcf7-validates-as-required\" aria-required=\"true\" aria-invalid=\"false\" placeholder=\"Nombre*\" value=\"\" type=\"text\" name=\"your-name\" \/><\/span><\/label><label><span class=\"wpcf7-form-control-wrap\" data-name=\"your-email\"><input size=\"40\" maxlength=\"400\" class=\"wpcf7-form-control wpcf7-email wpcf7-validates-as-required wpcf7-text wpcf7-validates-as-email\" aria-required=\"true\" aria-invalid=\"false\" placeholder=\"Email*\" value=\"\" type=\"email\" name=\"your-email\" \/><\/span><\/label><label><span class=\"wpcf7-form-control-wrap\" data-name=\"your-subject\"><input size=\"40\" maxlength=\"400\" class=\"wpcf7-form-control wpcf7-text\" aria-invalid=\"false\" placeholder=\"Asunto\" value=\"\" type=\"text\" name=\"your-subject\" \/><\/span> <\/label><label><span class=\"wpcf7-form-control-wrap\" data-name=\"your-message\"><textarea cols=\"40\" rows=\"10\" maxlength=\"2000\" class=\"wpcf7-form-control wpcf7-textarea\" aria-invalid=\"false\" placeholder=\"Mensaje\" name=\"your-message\"><\/textarea><\/span> <\/label><input class=\"wpcf7-form-control wpcf7-submit has-spinner\" type=\"submit\" value=\"Enviar\" \/>\n<\/p><div class=\"wpcf7-response-output\" aria-hidden=\"true\"><\/div>\n<\/form>\n<\/div>\n[\/vc_column][\/vc_row]<\/p>\n","protected":false},"excerpt":{"rendered":"<p>[vc_row css=&#8221;.vc_custom_1532197290482{padding-top: 35px !important;}&#8221;][vc_column width=&#8221;1\/2&#8243; css=&#8221;.vc_custom_1512407858131{padding-top: 12px !important;padding-bottom: 24px !important;}&#8221;][vc_column_text]La Administraci\u00f3n de alquileres es un servicio que brindamos a nuestros clientes, para que ellos s\u00f3lo se dispongan de recibir su renta sobre sus bienes inmuebles alquilados. La gesti\u00f3n consiste en cobrar los alquileres, pagar o controlar el pago de las obligaciones del inquilino (ya sean [&hellip;]<\/p>\n","protected":false},"author":1,"featured_media":0,"parent":0,"menu_order":0,"comment_status":"closed","ping_status":"closed","template":"page_full-width-with-top-title.php","meta":{"_joinchat":[],"footnotes":""},"class_list":["post-3141","page","type-page","status-publish","hentry"],"_links":{"self":[{"href":"https:\/\/www.etprop.com.ar\/index.php?rest_route=\/wp\/v2\/pages\/3141","targetHints":{"allow":["GET"]}}],"collection":[{"href":"https:\/\/www.etprop.com.ar\/index.php?rest_route=\/wp\/v2\/pages"}],"about":[{"href":"https:\/\/www.etprop.com.ar\/index.php?rest_route=\/wp\/v2\/types\/page"}],"author":[{"embeddable":true,"href":"https:\/\/www.etprop.com.ar\/index.php?rest_route=\/wp\/v2\/users\/1"}],"replies":[{"embeddable":true,"href":"https:\/\/www.etprop.com.ar\/index.php?rest_route=%2Fwp%2Fv2%2Fcomments&post=3141"}],"version-history":[{"count":27,"href":"https:\/\/www.etprop.com.ar\/index.php?rest_route=\/wp\/v2\/pages\/3141\/revisions"}],"predecessor-version":[{"id":4164,"href":"https:\/\/www.etprop.com.ar\/index.php?rest_route=\/wp\/v2\/pages\/3141\/revisions\/4164"}],"wp:attachment":[{"href":"https:\/\/www.etprop.com.ar\/index.php?rest_route=%2Fwp%2Fv2%2Fmedia&parent=3141"}],"curies":[{"name":"wp","href":"https:\/\/api.w.org\/{rel}","templated":true}]}}